{"id":6302,"date":"2026-02-05T14:10:01","date_gmt":"2026-02-05T14:10:01","guid":{"rendered":"https:\/\/by-umi.eu\/?post_type=product&#038;p=6302"},"modified":"2026-02-10T10:12:51","modified_gmt":"2026-02-10T10:12:51","slug":"bambus-harborste-antistatisk-kopie","status":"publish","type":"product","link":"https:\/\/by-umi.eu\/da\/product\/bambus-harborste-antistatisk-kopie\/","title":{"rendered":"UMI bambusb\u00f8rste \u2013 Antistatisk (Lys brun)"},"content":{"rendered":"<p data-start=\"256\" data-end=\"538\">Bambusb\u00f8rsten fra UMI Headspa kombinerer naturlige materialer med en plejende effekt for h\u00e5r og hovedbund. De glatte bambuspigge masserer blidt hovedbunden, stimulerer blodcirkulationen og hj\u00e6lper med at fordele h\u00e5rets naturlige olier j\u00e6vnt i h\u00e5ret. <\/p>\n<p data-start=\"540\" data-end=\"786\">I mods\u00e6tning til plastikb\u00f8rster er bambus antistatisk, milj\u00f8venlig og holdbar.<br \/>B\u00f8rsten reducerer krus og giver h\u00e5ret en glansfuld og sund finish \u2014 perfekt til daglig brug eller under en Headspa-behandling. <\/p>\n<p data-start=\"788\" data-end=\"913\">Det ergonomiske h\u00e5ndtag ligger behageligt i h\u00e5nden, og det tidl\u00f8se design passer perfekt til UMI\u2019s rolige Japandi-stil.<\/p>\n","protected":false},"excerpt":{"rendered":"<p>Oplev den naturlige bambusb\u00f8rste fra UMI Headspa. Antistatisk, stimulerer hovedbunden og plejer h\u00e5ret p\u00e5 en sk\u00e5nsom og b\u00e6redygtig m\u00e5de. <\/p>\n","protected":false},"featured_media":6308,"comment_status":"open","ping_status":"closed","template":"","meta":[],"product_brand":[117],"product_cat":[403,402],"product_tag":[],"class_list":{"0":"post-6302","1":"product","2":"type-product","3":"status-publish","4":"has-post-thumbnail","6":"product_brand-umi","7":"product_cat-borste","8":"product_cat-headspa-vaerktojer-og-tilbehor","9":"product_shipping_class-dhl-pakket","11":"first","12":"instock","13":"taxable","14":"shipping-taxable","15":"purchasable","16":"product-type-simple"},"jetpack_sharing_enabled":true,"_links":{"self":[{"href":"https:\/\/by-umi.eu\/da\/wp-json\/wp\/v2\/product\/6302","targetHints":{"allow":["GET"]}}],"collection":[{"href":"https:\/\/by-umi.eu\/da\/wp-json\/wp\/v2\/product"}],"about":[{"href":"https:\/\/by-umi.eu\/da\/wp-json\/wp\/v2\/types\/product"}],"replies":[{"embeddable":true,"href":"https:\/\/by-umi.eu\/da\/wp-json\/wp\/v2\/comments?post=6302"}],"wp:featuredmedia":[{"embeddable":true,"href":"https:\/\/by-umi.eu\/da\/wp-json\/wp\/v2\/media\/6308"}],"wp:attachment":[{"href":"https:\/\/by-umi.eu\/da\/wp-json\/wp\/v2\/media?parent=6302"}],"wp:term":[{"taxonomy":"product_brand","embeddable":true,"href":"https:\/\/by-umi.eu\/da\/wp-json\/wp\/v2\/product_brand?post=6302"},{"taxonomy":"product_cat","embeddable":true,"href":"https:\/\/by-umi.eu\/da\/wp-json\/wp\/v2\/product_cat?post=6302"},{"taxonomy":"product_tag","embeddable":true,"href":"https:\/\/by-umi.eu\/da\/wp-json\/wp\/v2\/product_tag?post=6302"}],"curies":[{"name":"wp","href":"https:\/\/api.w.org\/{rel}","templated":true}]}}