{"id":7953,"date":"2026-03-31T11:52:53","date_gmt":"2026-03-31T11:52:53","guid":{"rendered":"https:\/\/by-umi.eu\/product\/ayala-frisoerstol-enzo\/"},"modified":"2026-03-31T11:52:53","modified_gmt":"2026-03-31T11:52:53","slug":"ayala-frisoerstol-enzo","status":"publish","type":"product","link":"https:\/\/by-umi.eu\/da\/product\/ayala-frisoerstol-enzo\/","title":{"rendered":"Ayala Fris\u00f8rstol Enzo"},"content":{"rendered":"<p data-start=\"1257\" data-end=\"1448\" data-is-last-node=\"\" data-is-only-node=\"\">ENZO-stylingstolen er et perfekt supplement til industrielle, boho- og skandinaviske interi\u00f8rer. Kombinationen af metal, tr\u00e6 og tekstilstof skaber et tidl\u00f8st udseende, der giver salonnen en virkelig personlighed. Den geometriske form fanger opm\u00e6rksomheden og imponerer hver kunde. Denne fris\u00f8rstol fra Ayala kombinerer kvalitet, design og hurtig levering i \u00e9n model. Stolen kommer fra Express-linjen og er tilg\u00e6ngelig direkte fra lager, hvilket g\u00f8r det muligt at opgradere eller udvide din salon hurtigt uden lange ventetider.    <\/p>\n<p data-start=\"528\" data-end=\"838\">Modellen er designet med fokus p\u00e5 detaljer og komfort. Den slanke formgivning og den h\u00f8je kvalitet p\u00e5 finishen giver et professionelt udseende, der passer ind i n\u00e6sten alle salonkoncept. Samtidig tilbyder den ergonomiske s\u00e6de optimal komfort for b\u00e5de kunden og fris\u00f8ren, selv ved l\u00e6ngere behandlinger.  <\/p>\n<p data-start=\"840\" data-end=\"1148\">Stolen er fremstillet af materialer af h\u00f8j kvalitet og produceret p\u00e5 europ\u00e6isk jord. Dette garanterer en solid konstruktion, holdbarhed og lang levetid, selv ved intensivt dagligt brug. Derudover leveres modellen standard med 1 \u00e5rs garanti, hvilket giver ekstra sikkerhed for din investering.  <\/p>\n<p data-start=\"1150\" data-end=\"1341\">Udover den hurtige levering er denne model ogs\u00e5 fuldt tilpasningsdygtig efter dine \u00f8nsker. T\u00e6nk p\u00e5 andre farver, polstring eller stel. V\u00e6lger du skr\u00e6ddersyede l\u00f8sninger, er leveringstiden cirka 6 uger.<\/p>\n<p>  <\/p>\n<p data-start=\"1343\" data-end=\"1416\">M\u00e5l p\u00e5 stolen:<br data-start=\"1367\" data-end=\"1370\">H\u00f8jde: 50 cm<br data-start=\"1383\" data-end=\"1386\">Dybde: 60 cm<br data-start=\"1399\" data-end=\"1402\">Bredde: 61 cm<\/p>\n<p data-start=\"1418\" data-end=\"1493\" data-is-last-node=\"\" data-is-only-node=\"\">Med denne fris\u00f8rstol v\u00e6lger du en p\u00e5lidelig og stilfuld l\u00f8sning.<\/p>\n","protected":false},"excerpt":{"rendered":"<p>ENZO-stylingstolen er et perfekt supplement til industrielle, boho- og skandinaviske interi\u00f8rer. Kombinationen af metal, tr\u00e6 og tekstilstof skaber et tidl\u00f8st udseende, der giver salonnen en virkelig personlighed. Den geometriske form fanger opm\u00e6rksomheden og imponerer hver kunde. Denne fris\u00f8rstol fra Ayala kombinerer kvalitet, design og hurtig levering i \u00e9n model. Stolen kommer fra Express-linjen og er [&hellip;]<\/p>\n","protected":false},"featured_media":7739,"comment_status":"open","ping_status":"closed","template":"","meta":[],"product_brand":[962],"product_cat":[797,800],"product_tag":[],"class_list":{"0":"post-7953","1":"product","2":"type-product","3":"status-publish","4":"has-post-thumbnail","6":"product_brand-ayala","7":"product_cat-beauty-og-salonmobler","8":"product_cat-frisorstole","10":"first","11":"instock","12":"taxable","13":"shipping-taxable","14":"purchasable","15":"product-type-variable"},"jetpack_sharing_enabled":true,"_links":{"self":[{"href":"https:\/\/by-umi.eu\/da\/wp-json\/wp\/v2\/product\/7953","targetHints":{"allow":["GET"]}}],"collection":[{"href":"https:\/\/by-umi.eu\/da\/wp-json\/wp\/v2\/product"}],"about":[{"href":"https:\/\/by-umi.eu\/da\/wp-json\/wp\/v2\/types\/product"}],"replies":[{"embeddable":true,"href":"https:\/\/by-umi.eu\/da\/wp-json\/wp\/v2\/comments?post=7953"}],"wp:featuredmedia":[{"embeddable":true,"href":"https:\/\/by-umi.eu\/da\/wp-json\/wp\/v2\/media\/7739"}],"wp:attachment":[{"href":"https:\/\/by-umi.eu\/da\/wp-json\/wp\/v2\/media?parent=7953"}],"wp:term":[{"taxonomy":"product_brand","embeddable":true,"href":"https:\/\/by-umi.eu\/da\/wp-json\/wp\/v2\/product_brand?post=7953"},{"taxonomy":"product_cat","embeddable":true,"href":"https:\/\/by-umi.eu\/da\/wp-json\/wp\/v2\/product_cat?post=7953"},{"taxonomy":"product_tag","embeddable":true,"href":"https:\/\/by-umi.eu\/da\/wp-json\/wp\/v2\/product_tag?post=7953"}],"curies":[{"name":"wp","href":"https:\/\/api.w.org\/{rel}","templated":true}]}}