{"id":8212,"date":"2026-04-02T07:04:13","date_gmt":"2026-04-02T07:04:13","guid":{"rendered":"https:\/\/by-umi.eu\/product\/ayala-frisoerstol-holly\/"},"modified":"2026-04-02T07:04:13","modified_gmt":"2026-04-02T07:04:13","slug":"ayala-frisoerstol-holly","status":"publish","type":"product","link":"https:\/\/by-umi.eu\/da\/product\/ayala-frisoerstol-holly\/","title":{"rendered":"Ayala Fris\u00f8rstol Holly"},"content":{"rendered":"<p data-start=\"1257\" data-end=\"1448\" data-is-last-node=\"\" data-is-only-node=\"\">HOLLY er en favorit blandt stylister og kunder. Den flydende silhuet, de subtile syninger og det perfekte design giver den et raffineret udtryk, samtidig med at den tilbyder komfort p\u00e5 h\u00f8jeste niveau. Denne fris\u00f8rstol fra Ayala kombinerer kvalitet, design og hurtig levering i \u00e9n model. Stolen er en del af Express-serien og er tilg\u00e6ngelig direkte fra lager, s\u00e5 du hurtigt kan opgradere eller udvide din salon uden lange ventetider.   <\/p>\n<p data-start=\"528\" data-end=\"838\">Modellen er designet med fokus p\u00e5 detaljer og komfort. Den slanke formgivning og den h\u00f8je kvalitet p\u00e5 finishen giver et professionelt udseende, der passer ind i n\u00e6sten alle salonkoncept. Samtidig tilbyder den ergonomiske s\u00e6de optimal komfort for b\u00e5de kunden og fris\u00f8ren, selv ved l\u00e6ngere behandlinger.  <\/p>\n<p data-start=\"840\" data-end=\"1148\">Stolen er fremstillet af materialer af h\u00f8j kvalitet og produceret p\u00e5 europ\u00e6isk jord. Dette garanterer en solid konstruktion, holdbarhed og lang levetid, selv ved intensivt dagligt brug. Derudover leveres modellen standard med 1 \u00e5rs garanti, hvilket giver ekstra sikkerhed for din investering.  <\/p>\n<p data-start=\"1150\" data-end=\"1341\">Udover den hurtige levering er denne model ogs\u00e5 fuldt tilpasningsdygtig efter dine \u00f8nsker. T\u00e6nk p\u00e5 andre farver, polstring eller stel. V\u00e6lger du skr\u00e6ddersyede l\u00f8sninger, er leveringstiden cirka 6 uger.<\/p>\n<p>  <\/p>\n<p data-start=\"1343\" data-end=\"1416\">Stolens m\u00e5l:<br data-start=\"1367\" data-end=\"1370\">H\u00f8jde: 56 cm<br data-start=\"1383\" data-end=\"1386\">Dybde: 63 cm<br data-start=\"1399\" data-end=\"1402\">Bredde: 65 cm<\/p>\n<p data-start=\"1418\" data-end=\"1493\" data-is-last-node=\"\" data-is-only-node=\"\">Med denne fris\u00f8rstol v\u00e6lger du en p\u00e5lidelig og stilfuld l\u00f8sning.<\/p>\n","protected":false},"excerpt":{"rendered":"<p>HOLLY er en favorit blandt stylister og kunder. Den flydende silhuet, de subtile syninger og det perfekte design giver den et raffineret udtryk, samtidig med at den tilbyder komfort p\u00e5 h\u00f8jeste niveau. Denne fris\u00f8rstol fra Ayala kombinerer kvalitet, design og hurtig levering i \u00e9n model. Stolen er en del af Express-serien og er tilg\u00e6ngelig direkte [&hellip;]<\/p>\n","protected":false},"featured_media":7873,"comment_status":"open","ping_status":"closed","template":"","meta":[],"product_brand":[962],"product_cat":[797,800],"product_tag":[],"class_list":{"0":"post-8212","1":"product","2":"type-product","3":"status-publish","4":"has-post-thumbnail","6":"product_brand-ayala","7":"product_cat-beauty-og-salonmobler","8":"product_cat-frisorstole","10":"first","11":"instock","12":"taxable","13":"shipping-taxable","14":"purchasable","15":"product-type-variable"},"jetpack_sharing_enabled":true,"_links":{"self":[{"href":"https:\/\/by-umi.eu\/da\/wp-json\/wp\/v2\/product\/8212","targetHints":{"allow":["GET"]}}],"collection":[{"href":"https:\/\/by-umi.eu\/da\/wp-json\/wp\/v2\/product"}],"about":[{"href":"https:\/\/by-umi.eu\/da\/wp-json\/wp\/v2\/types\/product"}],"replies":[{"embeddable":true,"href":"https:\/\/by-umi.eu\/da\/wp-json\/wp\/v2\/comments?post=8212"}],"wp:featuredmedia":[{"embeddable":true,"href":"https:\/\/by-umi.eu\/da\/wp-json\/wp\/v2\/media\/7873"}],"wp:attachment":[{"href":"https:\/\/by-umi.eu\/da\/wp-json\/wp\/v2\/media?parent=8212"}],"wp:term":[{"taxonomy":"product_brand","embeddable":true,"href":"https:\/\/by-umi.eu\/da\/wp-json\/wp\/v2\/product_brand?post=8212"},{"taxonomy":"product_cat","embeddable":true,"href":"https:\/\/by-umi.eu\/da\/wp-json\/wp\/v2\/product_cat?post=8212"},{"taxonomy":"product_tag","embeddable":true,"href":"https:\/\/by-umi.eu\/da\/wp-json\/wp\/v2\/product_tag?post=8212"}],"curies":[{"name":"wp","href":"https:\/\/api.w.org\/{rel}","templated":true}]}}