{"id":6897,"date":"2026-02-04T21:48:53","date_gmt":"2026-02-04T21:48:53","guid":{"rendered":"https:\/\/by-umi.eu\/product\/umi-saddle-pro-ergonomischer-sattelhocker-mit-rueckenlehne\/"},"modified":"2026-02-04T21:48:53","modified_gmt":"2026-02-04T21:48:53","slug":"umi-saddle-pro-ergonomischer-sattelhocker-mit-rueckenlehne","status":"publish","type":"product","link":"https:\/\/by-umi.eu\/de\/produkt\/umi-saddle-pro-ergonomischer-sattelhocker-mit-rueckenlehne\/","title":{"rendered":"UMI Saddle Pro+ \u2013 Ergonomischer Sattelhocker mit R\u00fcckenlehne"},"content":{"rendered":"<div class=\"flex max-w-full flex-col grow\">\n<div class=\"min-h-8 text-message relative flex w-full flex-col items-end gap-2 text-start break-words whitespace-normal [.text-message+&amp;]:mt-1\" dir=\"auto\" data-message-author-role=\"assistant\" data-message-id=\"a246ce7c-b8e7-4430-bfc5-04beb69bae56\" data-message-model-slug=\"gpt-5-2\">\n<div class=\"flex w-full flex-col gap-1 empty:hidden first:pt-[1px]\">\n<div class=\"markdown prose dark:prose-invert w-full wrap-break-word light markdown-new-styling\">\n<h4 data-start=\"41\" data-end=\"1054\">Aktive Sitzhaltung f\u00fcr gesundes Arbeiten<\/h4>\n<p data-start=\"41\" data-end=\"1054\">Dieser ergonomische Sattelhocker mit R\u00fcckenlehne wurde f\u00fcr Profis in der Friseur- und Beautybranche entwickelt, die t\u00e4glich \u00fcber l\u00e4ngere Zeit in derselben Haltung arbeiten. W\u00e4hrend ein Standardhocker h\u00e4ufig zu einer zusammengesackten Sitzposition und zus\u00e4tzlicher Belastung des unteren R\u00fcckens f\u00fchrt, f\u00f6rdert die sattelf\u00f6rmige Sitzfl\u00e4che eine nat\u00fcrliche und aktive Sitzhaltung. Durch die Form der Sitzfl\u00e4che kippt das Becken leicht nach vorne, wodurch die Wirbels\u00e4ule automatisch eine aufrechtere und ges\u00fcndere Position einnimmt. Dies reduziert Spannungen im unteren R\u00fccken, in den Schultern und im Nacken und hilft, Erm\u00fcdung w\u00e4hrend des Arbeitstages zu verringern. F\u00fcr Behandler, die mehrere Stunden am St\u00fcck konzentriert arbeiten, macht dies einen sp\u00fcrbaren Unterschied in Komfort und Ausdauer. Eine gute Sitzhaltung verhindert au\u00dferdem, dass der K\u00f6rper unbewusst Fehlhaltungen ausgleicht. So tragen Sie nicht nur zu Ihrem t\u00e4glichen Arbeitskomfort bei, sondern investieren auch langfristig in die Gesundheit Ihres K\u00f6rpers.      <\/p>\n<h4 data-start=\"1056\" data-end=\"2013\">Zus\u00e4tzliche Unterst\u00fctzung durch die R\u00fcckenlehne<\/h4>\n<p data-start=\"1056\" data-end=\"2013\">De toevoeging van een rugleuning maakt dit model extra comfortabel en ondersteunend. Tijdens behandelingen waarbij je minder beweegt of langere tijd in een vaste positie werkt, biedt de rugleuning extra stabiliteit en ontlasting voor de onderrug. Dit helpt om druk op de wervelkolom te verminderen en ondersteunt een ontspannen maar rechte zithouding. Vooral bij fijne, precieze werkzaamheden waarbij je langdurig gefocust bent, is deze ondersteuning van grote waarde. De rugleuning zorgt ervoor dat je niet continu actief hoeft te corrigeren, wat energie bespaart en overbelasting voorkomt. Hierdoor kun je langer comfortabel werken zonder dat vermoeidheid zich opstapelt. Deze combinatie van zadelzitting en rugondersteuning maakt de kruk geschikt voor uiteenlopende behandelingen binnen de salon, van gezichtsbehandelingen tot knip- en stylingswerk, en draagt bij aan een stabiele en professionele werkhouding.      <\/p>\n<h4 data-start=\"2015\" data-end=\"2871\">Flexibilit\u00e4t und Mobilit\u00e4t im Arbeitsraum<\/h4>\n<p data-start=\"2015\" data-end=\"2871\">Die H\u00f6henverstellung erm\u00f6glicht es, den Hocker einfach an verschiedene Behandlungen und Arbeitsh\u00f6hen anzupassen. Egal, ob du bei einer Gesichtsbehandlung nah am Gesicht arbeitest oder beim Schneiden oder Stylen etwas h\u00f6her sitzt \u2013 die Sitzh\u00f6he l\u00e4sst sich schnell und stufenlos auf deine ideale Arbeitsposition einstellen. Das erh\u00f6ht die Kontrolle, Pr\u00e4zision und den Arbeitskomfort bei jeder Behandlung.<br \/>Auch in puncto Mobilit\u00e4t ist dieser Hocker f\u00fcr den professionellen Einsatz konzipiert. Die leichtg\u00e4ngigen Rollen erm\u00f6glichen es dir, dich m\u00fchelos um den Kunden herum zu bewegen, ohne aufzustehen. Das macht deinen Workflow effizienter und reduziert unn\u00f6tige Belastungen f\u00fcr Knie und R\u00fccken. Die stabile Konstruktion sorgt daf\u00fcr, dass sich der Hocker auch bei intensivem t\u00e4glichen Einsatz in einer belebten Salonumgebung zuverl\u00e4ssig und sicher anf\u00fchlt.      <\/p>\n<h4 data-start=\"2873\" data-end=\"3934\">Nachhaltiges Design mit individuellen Anpassungsm\u00f6glichkeiten<\/h4>\n<p data-start=\"2873\" data-end=\"3934\" data-is-last-node=\"\" data-is-only-node=\"\">Die Polsterung ist strapazierf\u00e4hig, pflegeleicht und f\u00fcr den professionellen Einsatz geeignet. Produktreste und leichte Verschmutzungen lassen sich m\u00fchelos entfernen, sodass der Hocker stets gepflegt und repr\u00e4sentativ aussieht. Das Design ist funktional und professionell und f\u00fcgt sich problemlos in unterschiedliche Salonstile ein.<br \/>Besonders attraktiv an diesem Modell ist die M\u00f6glichkeit zur Individualisierung. Auf Anfrage ist der Hocker in individuellen Farben erh\u00e4ltlich, sodass er perfekt zu deinem Saloninterieur passt. Zus\u00e4tzlich k\u00f6nnen gegen Aufpreis sowohl die Sitzh\u00f6he als auch die Rollen an deine spezifische Arbeitssituation angepasst werden. So entsteht ein Arbeitshocker, der nicht nur ergonomisch sinnvoll ist, sondern auch vollst\u00e4ndig zu deinen pers\u00f6nlichen Vorlieben und deiner Arbeitsweise passt.<br \/>Der Hocker wird als einfaches Montageset geliefert und ist schnell aufgebaut, bei Bedarf mit Unterst\u00fctzung durch das Serviceteam. Damit ist dieser Sattelhocker kein Luxus, sondern eine essentielle Investition in Komfort, Gesundheit und Effizienz im Salon.        <\/p>\n<\/div>\n<\/div>\n<\/div>\n<\/div>\n<div class=\"z-0 flex min-h-[46px] justify-start\"><\/div>\n<div class=\"border-token-border-light my-2 flex gap-10 border-t pt-4\">\n<div class=\"flex items-center justify-center overflow-hidden h-12 w-12 rounded-lg\"><\/div>\n<\/div>\n","protected":false},"excerpt":{"rendered":"<p>Dieser ergonomische Sattelhocker mit R\u00fcckenlehne wurde speziell f\u00fcr Friseure und Beautyspezialisten entwickelt, die \u00fcber l\u00e4ngere Zeit im Sitzen arbeiten und ihren K\u00f6rper dabei optimal entlasten m\u00f6chten. Die sattelf\u00f6rmige Sitzfl\u00e4che in Kombination mit der R\u00fcckenlehne f\u00f6rdert eine nat\u00fcrliche, aktive Sitzhaltung und hilft, die Belastung von R\u00fccken, Schultern und H\u00fcften w\u00e4hrend langer Arbeitstage zu reduzieren.<br \/>Der Hocker ist h\u00f6henverstellbar und l\u00e4sst sich somit einfach an unterschiedliche Behandlungen und Arbeitsh\u00f6hen anpassen. Dieses Modell ist ein unverzichtbares Hilfsmittel in professionellen Salons, in denen Komfort, Ergonomie und effizientes Arbeiten im Mittelpunkt stehen.<br \/>Zus\u00e4tzlich ist der Hocker auf Anfrage in individuellen Farben erh\u00e4ltlich. Gegen Aufpreis k\u00f6nnen sowohl die Sitzh\u00f6he als auch die Rollen an deine spezifische Arbeitssituation angepasst werden.    <\/p>\n","protected":false},"featured_media":5870,"comment_status":"open","ping_status":"closed","template":"","meta":[],"product_brand":[117],"product_cat":[715,796],"product_tag":[],"class_list":{"0":"post-6897","1":"product","2":"type-product","3":"status-publish","4":"has-post-thumbnail","6":"product_brand-umi","7":"product_cat-beauty-und-salonmobel","8":"product_cat-beauty-hocker","9":"pa_afmeting-35x45x60","11":"first","12":"instock","13":"taxable","14":"shipping-taxable","15":"purchasable","16":"product-type-simple"},"jetpack_sharing_enabled":true,"_links":{"self":[{"href":"https:\/\/by-umi.eu\/de\/wp-json\/wp\/v2\/product\/6897","targetHints":{"allow":["GET"]}}],"collection":[{"href":"https:\/\/by-umi.eu\/de\/wp-json\/wp\/v2\/product"}],"about":[{"href":"https:\/\/by-umi.eu\/de\/wp-json\/wp\/v2\/types\/product"}],"replies":[{"embeddable":true,"href":"https:\/\/by-umi.eu\/de\/wp-json\/wp\/v2\/comments?post=6897"}],"wp:featuredmedia":[{"embeddable":true,"href":"https:\/\/by-umi.eu\/de\/wp-json\/wp\/v2\/media\/5870"}],"wp:attachment":[{"href":"https:\/\/by-umi.eu\/de\/wp-json\/wp\/v2\/media?parent=6897"}],"wp:term":[{"taxonomy":"product_brand","embeddable":true,"href":"https:\/\/by-umi.eu\/de\/wp-json\/wp\/v2\/product_brand?post=6897"},{"taxonomy":"product_cat","embeddable":true,"href":"https:\/\/by-umi.eu\/de\/wp-json\/wp\/v2\/product_cat?post=6897"},{"taxonomy":"product_tag","embeddable":true,"href":"https:\/\/by-umi.eu\/de\/wp-json\/wp\/v2\/product_tag?post=6897"}],"curies":[{"name":"wp","href":"https:\/\/api.w.org\/{rel}","templated":true}]}}