{"id":8289,"date":"2026-04-02T07:04:13","date_gmt":"2026-04-02T07:04:13","guid":{"rendered":"https:\/\/by-umi.eu\/product\/sillon-de-peluqueria-ayala-holly\/"},"modified":"2026-04-02T07:04:13","modified_gmt":"2026-04-02T07:04:13","slug":"sillon-de-peluqueria-ayala-holly","status":"publish","type":"product","link":"https:\/\/by-umi.eu\/es\/producto\/sillon-de-peluqueria-ayala-holly\/","title":{"rendered":"Sill\u00f3n de peluquer\u00eda Ayala Holly"},"content":{"rendered":"<p data-start=\"1257\" data-end=\"1448\" data-is-last-node=\"\" data-is-only-node=\"\">HOLLY es uno de los favoritos entre estilistas y clientes. Su silueta fluida, las costuras sutiles y su dise\u00f1o perfecto le confieren un aspecto refinado, al mismo tiempo que ofrece un confort de primer nivel. Esta silla de peluquer\u00eda de Ayala combina calidad, dise\u00f1o y disponibilidad r\u00e1pida en un solo modelo. Esta silla pertenece a la l\u00ednea Express y est\u00e1 disponible directamente en stock, lo que te permite renovar o ampliar tu sal\u00f3n r\u00e1pidamente sin largos tiempos de espera.   <\/p>\n<p data-start=\"528\" data-end=\"838\">El modelo est\u00e1 dise\u00f1ado con gran atenci\u00f3n al detalle y al confort. Su dise\u00f1o limpio y su acabado de alta calidad proporcionan una apariencia profesional que encaja en casi cualquier concepto de sal\u00f3n. Al mismo tiempo, el asiento ergon\u00f3mico ofrece una comodidad \u00f3ptima tanto para el cliente como para el peluquero, incluso durante tratamientos m\u00e1s largos.  <\/p>\n<p data-start=\"840\" data-end=\"1148\">La silla est\u00e1 fabricada con materiales de alta calidad y producida en Europa. Esto garantiza una construcci\u00f3n s\u00f3lida, durabilidad y una larga vida \u00fatil, incluso con un uso diario intensivo. Adem\u00e1s, el modelo se entrega con una garant\u00eda est\u00e1ndar de 1 a\u00f1o, lo que proporciona una seguridad adicional para tu inversi\u00f3n.  <\/p>\n<p data-start=\"1150\" data-end=\"1341\">Adem\u00e1s de la entrega r\u00e1pida, este modelo tambi\u00e9n se puede personalizar completamente seg\u00fan tus preferencias. Piensa en diferentes colores, tapizados o bases. Si optas por una versi\u00f3n a medida, el plazo de entrega es de aproximadamente 6 semanas.  <\/p>\n<p data-start=\"1343\" data-end=\"1416\">Dimensiones de la silla:<br data-start=\"1367\" data-end=\"1370\">Altura: 50 cm<br data-start=\"1383\" data-end=\"1386\">Profundidad: 60 cm<br data-start=\"1399\" data-end=\"1402\">Ancho: 66 cm<\/p>\n<p data-start=\"1418\" data-end=\"1493\" data-is-last-node=\"\" data-is-only-node=\"\">Con esta silla de peluquer\u00eda eliges una soluci\u00f3n fiable y elegante.<\/p>\n","protected":false},"excerpt":{"rendered":"<p>HOLLY es uno de los favoritos entre estilistas y clientes. Su silueta fluida, las costuras sutiles y su dise\u00f1o perfecto le confieren un aspecto refinado, al mismo tiempo que ofrece un confort de primer nivel. Esta silla de peluquer\u00eda de Ayala combina calidad, dise\u00f1o y disponibilidad r\u00e1pida en un solo modelo. Esta silla pertenece a [&hellip;]<\/p>\n","protected":false},"featured_media":7873,"comment_status":"open","ping_status":"closed","template":"","meta":[],"product_brand":[962],"product_cat":[827,830],"product_tag":[],"class_list":{"0":"post-8289","1":"product","2":"type-product","3":"status-publish","4":"has-post-thumbnail","6":"product_brand-ayala","7":"product_cat-muebles-de-belleza-y-salon","8":"product_cat-sillas-de-peluqueria","10":"first","11":"instock","12":"taxable","13":"shipping-taxable","14":"purchasable","15":"product-type-variable"},"jetpack_sharing_enabled":true,"_links":{"self":[{"href":"https:\/\/by-umi.eu\/es\/wp-json\/wp\/v2\/product\/8289","targetHints":{"allow":["GET"]}}],"collection":[{"href":"https:\/\/by-umi.eu\/es\/wp-json\/wp\/v2\/product"}],"about":[{"href":"https:\/\/by-umi.eu\/es\/wp-json\/wp\/v2\/types\/product"}],"replies":[{"embeddable":true,"href":"https:\/\/by-umi.eu\/es\/wp-json\/wp\/v2\/comments?post=8289"}],"wp:featuredmedia":[{"embeddable":true,"href":"https:\/\/by-umi.eu\/es\/wp-json\/wp\/v2\/media\/7873"}],"wp:attachment":[{"href":"https:\/\/by-umi.eu\/es\/wp-json\/wp\/v2\/media?parent=8289"}],"wp:term":[{"taxonomy":"product_brand","embeddable":true,"href":"https:\/\/by-umi.eu\/es\/wp-json\/wp\/v2\/product_brand?post=8289"},{"taxonomy":"product_cat","embeddable":true,"href":"https:\/\/by-umi.eu\/es\/wp-json\/wp\/v2\/product_cat?post=8289"},{"taxonomy":"product_tag","embeddable":true,"href":"https:\/\/by-umi.eu\/es\/wp-json\/wp\/v2\/product_tag?post=8289"}],"curies":[{"name":"wp","href":"https:\/\/api.w.org\/{rel}","templated":true}]}}