{"id":3454,"date":"2025-10-22T12:57:52","date_gmt":"2025-10-22T12:57:52","guid":{"rendered":"https:\/\/by-umi.eu\/product\/brosse-cuir-chevelu-stimule-le-cuir-chevelu-et-favorise-la-pousse-des-cheveux\/"},"modified":"2025-10-22T12:57:52","modified_gmt":"2025-10-22T12:57:52","slug":"brosse-cuir-chevelu-stimule-le-cuir-chevelu-et-favorise-la-pousse-des-cheveux","status":"publish","type":"product","link":"https:\/\/by-umi.eu\/fr\/produit\/brosse-cuir-chevelu-stimule-le-cuir-chevelu-et-favorise-la-pousse-des-cheveux\/","title":{"rendered":"Brosse Cuir Chevelu \u2013 Stimule le cuir chevelu et favorise la pousse des cheveux"},"content":{"rendered":"<p data-start=\"213\" data-end=\"491\">La Brosse Cuir Chevelu, aussi appel\u00e9e brosse \u00e0 shampooing ou brosse de massage, stimule le cuir chevelu, am\u00e9liore la circulation sanguine et aide \u00e0 \u00e9liminer les r\u00e9sidus de produits et l\u2019exc\u00e8s de s\u00e9bum.<br \/>Une utilisation r\u00e9guli\u00e8re active les racines et favorise une croissance capillaire saine. <\/p>\n<p data-start=\"493\" data-end=\"791\">Utilise la brosse pendant le lavage ou lors d\u2019un soin Headspa relaxant pour un nettoyage profond et rafra\u00eechissant.<br \/>Les picots souples en silicone procurent une sensation douce sur la peau, offrent un massage agr\u00e9able et permettent une r\u00e9partition homog\u00e8ne du shampooing sur les cheveux. <\/p>\n<p data-start=\"793\" data-end=\"836\">L\u2019ensemble contient une brosse cuir chevelu.<\/p>\n","protected":false},"excerpt":{"rendered":"<p>D\u00e9couvre la Brosse Cuir Chevelu de UMI Headspa \u2014 ses picots souples en silicone nettoient en profondeur, stimulent la circulation et procurent une exp\u00e9rience de massage apaisante. <\/p>\n","protected":false},"featured_media":6235,"comment_status":"open","ping_status":"closed","template":"","meta":[],"product_brand":[117],"product_cat":[412,411,423,410],"product_tag":[],"class_list":{"0":"post-3454","1":"product","2":"type-product","3":"status-publish","4":"has-post-thumbnail","6":"product_brand-umi","7":"product_cat-accessoires-headspa","8":"product_cat-brosse","9":"product_cat-brosses-de-massage","10":"product_cat-outils-et-accessoires-headspa","11":"product_shipping_class-dhl-pakket","13":"first","14":"instock","15":"taxable","16":"shipping-taxable","17":"purchasable","18":"product-type-simple"},"jetpack_sharing_enabled":true,"_links":{"self":[{"href":"https:\/\/by-umi.eu\/fr\/wp-json\/wp\/v2\/product\/3454","targetHints":{"allow":["GET"]}}],"collection":[{"href":"https:\/\/by-umi.eu\/fr\/wp-json\/wp\/v2\/product"}],"about":[{"href":"https:\/\/by-umi.eu\/fr\/wp-json\/wp\/v2\/types\/product"}],"replies":[{"embeddable":true,"href":"https:\/\/by-umi.eu\/fr\/wp-json\/wp\/v2\/comments?post=3454"}],"wp:featuredmedia":[{"embeddable":true,"href":"https:\/\/by-umi.eu\/fr\/wp-json\/wp\/v2\/media\/6235"}],"wp:attachment":[{"href":"https:\/\/by-umi.eu\/fr\/wp-json\/wp\/v2\/media?parent=3454"}],"wp:term":[{"taxonomy":"product_brand","embeddable":true,"href":"https:\/\/by-umi.eu\/fr\/wp-json\/wp\/v2\/product_brand?post=3454"},{"taxonomy":"product_cat","embeddable":true,"href":"https:\/\/by-umi.eu\/fr\/wp-json\/wp\/v2\/product_cat?post=3454"},{"taxonomy":"product_tag","embeddable":true,"href":"https:\/\/by-umi.eu\/fr\/wp-json\/wp\/v2\/product_tag?post=3454"}],"curies":[{"name":"wp","href":"https:\/\/api.w.org\/{rel}","templated":true}]}}