{"id":8029,"date":"2026-03-31T11:52:53","date_gmt":"2026-03-31T11:52:53","guid":{"rendered":"https:\/\/by-umi.eu\/product\/auteuil-de-coiffure-ayala-enzo\/"},"modified":"2026-03-31T11:52:53","modified_gmt":"2026-03-31T11:52:53","slug":"auteuil-de-coiffure-ayala-enzo","status":"publish","type":"product","link":"https:\/\/by-umi.eu\/fr\/produit\/auteuil-de-coiffure-ayala-enzo\/","title":{"rendered":"auteuil de coiffure Ayala Enzo"},"content":{"rendered":"<p data-start=\"1257\" data-end=\"1448\" data-is-last-node=\"\" data-is-only-node=\"\">Le fauteuil de coiffure ENZO est un compl\u00e9ment parfait aux int\u00e9rieurs industriels, boh\u00e8mes et scandinaves. La combinaison de m\u00e9tal, de bois et de tissu textur\u00e9 cr\u00e9e une allure intemporelle qui apporte une v\u00e9ritable personnalit\u00e9 au salon. Sa forme g\u00e9om\u00e9trique attire le regard et impressionne chaque client. Ce fauteuil de coiffure Ayala allie qualit\u00e9, design et disponibilit\u00e9 rapide en un seul mod\u00e8le. Ce fauteuil fait partie de la ligne Express et est disponible directement en stock, vous permettant de moderniser ou d\u2019agrandir votre salon rapidement, sans longs d\u00e9lais d\u2019attente.    <\/p>\n<p data-start=\"528\" data-end=\"838\">Le mod\u00e8le est con\u00e7u avec une grande attention aux d\u00e9tails et au confort. Son design \u00e9pur\u00e9 et sa finition de haute qualit\u00e9 offrent une apparence professionnelle qui s\u2019int\u00e8gre dans presque tout concept de salon. En m\u00eame temps, l\u2019assise ergonomique garantit un confort optimal pour le client comme pour le coiffeur, m\u00eame lors de traitements prolong\u00e9s.  <\/p>\n<p data-start=\"840\" data-end=\"1148\">Le fauteuil est fabriqu\u00e9 \u00e0 partir de mat\u00e9riaux de haute qualit\u00e9 et produit en Europe. Cela garantit une construction solide, une grande durabilit\u00e9 et une longue dur\u00e9e de vie, m\u00eame en cas d\u2019utilisation intensive au quotidien. De plus, le mod\u00e8le est livr\u00e9 avec une garantie standard d\u2019un an, offrant une s\u00e9curit\u00e9 suppl\u00e9mentaire pour votre investissement.  <\/p>\n<p data-start=\"1150\" data-end=\"1341\">En plus de la livraison rapide, ce mod\u00e8le est enti\u00e8rement personnalisable selon vos souhaits. Pensez \u00e0 diff\u00e9rentes couleurs, rev\u00eatements ou bases. Si vous optez pour du sur-mesure, le d\u00e9lai de livraison est d\u2019environ 6 semaines.  <\/p>\n<p data-start=\"1343\" data-end=\"1416\">Dimensions du fauteuil :<br data-start=\"1367\" data-end=\"1370\">Hauteur : 50 cm<br data-start=\"1383\" data-end=\"1386\">Profondeur : 60 cm<br data-start=\"1399\" data-end=\"1402\">Largeur : 61 cm<\/p>\n<p data-start=\"1418\" data-end=\"1493\" data-is-last-node=\"\" data-is-only-node=\"\">Avec ce fauteuil de coiffure, vous optez pour une solution fiable et \u00e9l\u00e9gante.<\/p>\n","protected":false},"excerpt":{"rendered":"<p>Le fauteuil de coiffure ENZO est un compl\u00e9ment parfait aux int\u00e9rieurs industriels, boh\u00e8mes et scandinaves. La combinaison de m\u00e9tal, de bois et de tissu textur\u00e9 cr\u00e9e une allure intemporelle qui apporte une v\u00e9ritable personnalit\u00e9 au salon. Sa forme g\u00e9om\u00e9trique attire le regard et impressionne chaque client. Ce fauteuil de coiffure Ayala allie qualit\u00e9, design et [&hellip;]<\/p>\n","protected":false},"featured_media":7739,"comment_status":"open","ping_status":"closed","template":"","meta":[],"product_brand":[962],"product_cat":[810,819],"product_tag":[],"class_list":{"0":"post-8029","1":"product","2":"type-product","3":"status-publish","4":"has-post-thumbnail","6":"product_brand-ayala","7":"product_cat-beauty-salon-meubels","8":"product_cat-fauteuils-de-coiffure","10":"first","11":"instock","12":"taxable","13":"shipping-taxable","14":"purchasable","15":"product-type-variable"},"jetpack_sharing_enabled":true,"_links":{"self":[{"href":"https:\/\/by-umi.eu\/fr\/wp-json\/wp\/v2\/product\/8029","targetHints":{"allow":["GET"]}}],"collection":[{"href":"https:\/\/by-umi.eu\/fr\/wp-json\/wp\/v2\/product"}],"about":[{"href":"https:\/\/by-umi.eu\/fr\/wp-json\/wp\/v2\/types\/product"}],"replies":[{"embeddable":true,"href":"https:\/\/by-umi.eu\/fr\/wp-json\/wp\/v2\/comments?post=8029"}],"wp:featuredmedia":[{"embeddable":true,"href":"https:\/\/by-umi.eu\/fr\/wp-json\/wp\/v2\/media\/7739"}],"wp:attachment":[{"href":"https:\/\/by-umi.eu\/fr\/wp-json\/wp\/v2\/media?parent=8029"}],"wp:term":[{"taxonomy":"product_brand","embeddable":true,"href":"https:\/\/by-umi.eu\/fr\/wp-json\/wp\/v2\/product_brand?post=8029"},{"taxonomy":"product_cat","embeddable":true,"href":"https:\/\/by-umi.eu\/fr\/wp-json\/wp\/v2\/product_cat?post=8029"},{"taxonomy":"product_tag","embeddable":true,"href":"https:\/\/by-umi.eu\/fr\/wp-json\/wp\/v2\/product_tag?post=8029"}],"curies":[{"name":"wp","href":"https:\/\/api.w.org\/{rel}","templated":true}]}}