{"id":8262,"date":"2026-04-02T07:04:13","date_gmt":"2026-04-02T07:04:13","guid":{"rendered":"https:\/\/by-umi.eu\/product\/fauteuil-de-coiffure-ayala-holly\/"},"modified":"2026-04-02T07:04:13","modified_gmt":"2026-04-02T07:04:13","slug":"fauteuil-de-coiffure-ayala-holly","status":"publish","type":"product","link":"https:\/\/by-umi.eu\/fr\/produit\/fauteuil-de-coiffure-ayala-holly\/","title":{"rendered":"Fauteuil de coiffure Ayala Holly"},"content":{"rendered":"<p data-start=\"1257\" data-end=\"1448\" data-is-last-node=\"\" data-is-only-node=\"\">HOLLY est un favori parmi les stylistes et les clients. Sa silhouette fluide, ses surpiq\u00fbres subtiles et sa conception parfaite lui conf\u00e8rent une allure raffin\u00e9e, tout en offrant un confort de haut niveau. Ce fauteuil de coiffure Ayala combine qualit\u00e9, design et disponibilit\u00e9 rapide en un seul mod\u00e8le. Ce fauteuil fait partie de la ligne Express et est disponible directement en stock, vous permettant de moderniser ou d\u2019agrandir votre salon rapidement, sans longs d\u00e9lais d\u2019attente.   <\/p>\n<p data-start=\"528\" data-end=\"838\">Le mod\u00e8le est con\u00e7u avec une grande attention aux d\u00e9tails et au confort. Son design \u00e9pur\u00e9 et sa finition de haute qualit\u00e9 offrent une apparence professionnelle qui s\u2019int\u00e8gre dans presque tout concept de salon. En m\u00eame temps, l\u2019assise ergonomique garantit un confort optimal pour le client comme pour le coiffeur, m\u00eame lors de traitements prolong\u00e9s.  <\/p>\n<p data-start=\"840\" data-end=\"1148\">Le fauteuil est fabriqu\u00e9 \u00e0 partir de mat\u00e9riaux de haute qualit\u00e9 et produit en Europe. Cela garantit une construction solide, une grande durabilit\u00e9 et une longue dur\u00e9e de vie, m\u00eame en cas d\u2019utilisation intensive au quotidien. De plus, le mod\u00e8le est livr\u00e9 avec une garantie standard d\u2019un an, offrant une s\u00e9curit\u00e9 suppl\u00e9mentaire pour votre investissement.  <\/p>\n<p data-start=\"1150\" data-end=\"1341\">En plus de la livraison rapide, ce mod\u00e8le est enti\u00e8rement personnalisable selon vos souhaits. Pensez \u00e0 diff\u00e9rentes couleurs, rev\u00eatements ou bases. Si vous optez pour du sur-mesure, le d\u00e9lai de livraison est d\u2019environ 6 semaines.  <\/p>\n<p data-start=\"1343\" data-end=\"1416\">Dimensions du fauteuil :<br data-start=\"1367\" data-end=\"1370\">Hauteur : 50 cm<br data-start=\"1383\" data-end=\"1386\">Profondeur : 60 cm<br data-start=\"1399\" data-end=\"1402\">Largeur : 66 cm<\/p>\n<p data-start=\"1418\" data-end=\"1493\" data-is-last-node=\"\" data-is-only-node=\"\">Avec ce fauteuil de coiffure, vous optez pour une solution fiable et \u00e9l\u00e9gante.<\/p>\n","protected":false},"excerpt":{"rendered":"<p>HOLLY est un favori parmi les stylistes et les clients. Sa silhouette fluide, ses surpiq\u00fbres subtiles et sa conception parfaite lui conf\u00e8rent une allure raffin\u00e9e, tout en offrant un confort de haut niveau. Ce fauteuil de coiffure Ayala combine qualit\u00e9, design et disponibilit\u00e9 rapide en un seul mod\u00e8le. Ce fauteuil fait partie de la ligne [&hellip;]<\/p>\n","protected":false},"featured_media":7873,"comment_status":"open","ping_status":"closed","template":"","meta":[],"product_brand":[962],"product_cat":[810,819],"product_tag":[],"class_list":{"0":"post-8262","1":"product","2":"type-product","3":"status-publish","4":"has-post-thumbnail","6":"product_brand-ayala","7":"product_cat-beauty-salon-meubels","8":"product_cat-fauteuils-de-coiffure","10":"first","11":"instock","12":"taxable","13":"shipping-taxable","14":"purchasable","15":"product-type-variable"},"jetpack_sharing_enabled":true,"_links":{"self":[{"href":"https:\/\/by-umi.eu\/fr\/wp-json\/wp\/v2\/product\/8262","targetHints":{"allow":["GET"]}}],"collection":[{"href":"https:\/\/by-umi.eu\/fr\/wp-json\/wp\/v2\/product"}],"about":[{"href":"https:\/\/by-umi.eu\/fr\/wp-json\/wp\/v2\/types\/product"}],"replies":[{"embeddable":true,"href":"https:\/\/by-umi.eu\/fr\/wp-json\/wp\/v2\/comments?post=8262"}],"wp:featuredmedia":[{"embeddable":true,"href":"https:\/\/by-umi.eu\/fr\/wp-json\/wp\/v2\/media\/7873"}],"wp:attachment":[{"href":"https:\/\/by-umi.eu\/fr\/wp-json\/wp\/v2\/media?parent=8262"}],"wp:term":[{"taxonomy":"product_brand","embeddable":true,"href":"https:\/\/by-umi.eu\/fr\/wp-json\/wp\/v2\/product_brand?post=8262"},{"taxonomy":"product_cat","embeddable":true,"href":"https:\/\/by-umi.eu\/fr\/wp-json\/wp\/v2\/product_cat?post=8262"},{"taxonomy":"product_tag","embeddable":true,"href":"https:\/\/by-umi.eu\/fr\/wp-json\/wp\/v2\/product_tag?post=8262"}],"curies":[{"name":"wp","href":"https:\/\/api.w.org\/{rel}","templated":true}]}}